{"id":8482,"date":"2024-09-14T16:54:43","date_gmt":"2024-09-14T20:54:43","guid":{"rendered":"https:\/\/www.ceim.org\/?page_id=8482"},"modified":"2025-08-30T22:48:35","modified_gmt":"2025-08-31T02:48:35","slug":"christian-perron","status":"publish","type":"page","link":"https:\/\/www.ceim.org\/en\/christian-perron\/","title":{"rendered":"Christian Perron"},"content":{"rendered":"<p>[et_pb_section fb_built=&#8221;1&#8243; fullwidth=&#8221;on&#8221; admin_label=&#8221;Header&#8221; module_class=&#8221;title_banner&#8221; _builder_version=&#8221;4.27.4&#8243; background_enable_color=&#8221;off&#8221; background_image=&#8221;https:\/\/www.ceim.org\/wp-content\/uploads\/2022\/03\/espaces-banner.jpg&#8221; height_tablet=&#8221;&#8221; height_phone=&#8221;200px&#8221; height_last_edited=&#8221;on|phone&#8221; custom_padding=&#8221;0px|0|0px|0px|false|false&#8221; hover_enabled=&#8221;0&#8243; global_colors_info=&#8221;{}&#8221; sticky_enabled=&#8221;0&#8243;][et_pb_fullwidth_header title=&#8221;Our team&#8221; text_orientation=&#8221;center&#8221; admin_label=&#8221;Fullwidth Header&#8221; _builder_version=&#8221;4.16&#8243; title_font=&#8221;Merriweather||||||||&#8221; title_text_align=&#8221;center&#8221; title_font_size=&#8221;80px&#8221; title_line_height=&#8221;1.4em&#8221; content_font=&#8221;Open Sans||||||||&#8221; content_text_align=&#8221;center&#8221; content_font_size=&#8221;18px&#8221; content_line_height=&#8221;1.8em&#8221; background_color=&#8221;rgba(0,0,0,0)&#8221; use_background_color_gradient=&#8221;on&#8221; background_color_gradient_direction=&#8221;140deg&#8221; background_color_gradient_stops=&#8221;rgba(0,0,0,0.5) 0%|rgba(0,85,119,0.5) 100%&#8221; background_color_gradient_start=&#8221;rgba(0,0,0,0.5)&#8221; background_color_gradient_end=&#8221;rgba(0,85,119,0.5)&#8221; background_image=&#8221;https:\/\/www.ceim.org\/wp-content\/uploads\/2022\/03\/triangle-1.png&#8221; background_size=&#8221;initial&#8221; background_position=&#8221;bottom_left&#8221; custom_button_one=&#8221;on&#8221; button_one_text_size=&#8221;14px&#8221; button_one_bg_color=&#8221;#ff6d29&#8243; button_one_border_color=&#8221;rgba(0,0,0,0)&#8221; button_one_border_radius=&#8221;0px&#8221; button_one_letter_spacing=&#8221;1px&#8221; button_one_font=&#8221;|700||on|||||&#8221; button_one_custom_padding=&#8221;16px|28px|16px|28px|true|true&#8221; custom_button_two=&#8221;on&#8221; button_two_text_size=&#8221;14px&#8221; button_two_border_width=&#8221;2px&#8221; button_two_border_radius=&#8221;0px&#8221; button_two_letter_spacing=&#8221;1px&#8221; button_two_font=&#8221;|700||on|||||&#8221; button_two_custom_padding=&#8221;16px|28px|16px|28px|true|true&#8221; width=&#8221;100%&#8221; max_width=&#8221;100%&#8221; custom_margin=&#8221;|||&#8221; custom_padding=&#8221;10vw||10vw||true&#8221; custom_padding_tablet=&#8221;||||false|false&#8221; custom_padding_phone=&#8221;|||&#8221; custom_padding_last_edited=&#8221;off|phone&#8221; title_font_size_tablet=&#8221;54px&#8221; title_font_size_phone=&#8221;34px&#8221; title_font_size_last_edited=&#8221;on|phone&#8221; content_font_size_tablet=&#8221;&#8221; content_font_size_phone=&#8221;16px&#8221; content_font_size_last_edited=&#8221;on|phone&#8221; background_last_edited=&#8221;on|desktop&#8221; background_enable_image_tablet=&#8221;off&#8221; custom_css_header_container=&#8221;max-width: 1080px;||width: 100%;&#8221; button_one_border_color_hover=&#8221;#ff8a3d&#8221; button_one_border_radius_hover=&#8221;100px&#8221; button_one_letter_spacing_hover=&#8221;5px&#8221; button_one_bg_color_hover=&#8221;#ff8a3d&#8221; global_colors_info=&#8221;{}&#8221; button_one_text_size__hover_enabled=&#8221;off&#8221; button_two_text_size__hover_enabled=&#8221;off&#8221; button_one_text_color__hover_enabled=&#8221;off&#8221; button_two_text_color__hover_enabled=&#8221;off&#8221; button_one_border_width__hover_enabled=&#8221;off&#8221; button_two_border_width__hover_enabled=&#8221;off&#8221; button_one_border_color__hover_enabled=&#8221;off&#8221; button_one_border_color__hover=&#8221;#ff8a3d&#8221; button_two_border_color__hover_enabled=&#8221;off&#8221; button_one_border_radius__hover_enabled=&#8221;off&#8221; button_one_border_radius__hover=&#8221;100px&#8221; button_two_border_radius__hover_enabled=&#8221;off&#8221; button_one_letter_spacing__hover_enabled=&#8221;off&#8221; button_one_letter_spacing__hover=&#8221;5px&#8221; button_two_letter_spacing__hover_enabled=&#8221;off&#8221; button_one_bg_color__hover_enabled=&#8221;off&#8221; button_one_bg_color__hover=&#8221;#ff8a3d&#8221; button_two_bg_color__hover_enabled=&#8221;off&#8221;][\/et_pb_fullwidth_header][\/et_pb_section][et_pb_section fb_built=&#8221;1&#8243; _builder_version=&#8221;4.27.0&#8243; _module_preset=&#8221;default&#8221; background_image=&#8221;https:\/\/www.ceim.org\/wp-content\/uploads\/2022\/03\/bg3.png&#8221; global_colors_info=&#8221;{}&#8221;][et_pb_row column_structure=&#8221;2_3,1_3&#8243; _builder_version=&#8221;4.27.0&#8243; _module_preset=&#8221;default&#8221; module_alignment=&#8221;center&#8221; custom_margin=&#8221;0px|0px|0px|0px|false|false&#8221; custom_padding=&#8221;0px|0px|0px|0px|false|false&#8221; global_colors_info=&#8221;{}&#8221;][et_pb_column type=&#8221;2_3&#8243; _builder_version=&#8221;4.27.0&#8243; _module_preset=&#8221;default&#8221; global_colors_info=&#8221;{}&#8221;][et_pb_text _builder_version=&#8221;4.27.0&#8243; _module_preset=&#8221;default&#8221; background_color=&#8221;#000000&#8243; custom_margin=&#8221;||16px|||&#8221; custom_padding=&#8221;17px||17px|||&#8221; global_colors_info=&#8221;{}&#8221;]<\/p>\n<h2 style=\"text-align: left; padding-left: 40px;\"><span style=\"color: #ffffff;\">Christian Perron, M. Sc. Management <\/span><\/h2>\n<p>[\/et_pb_text][et_pb_team_member name=&#8221;Christian Perron&#8221; position=&#8221;President &#038; COO&#8221; image_url=&#8221;https:\/\/www.ceim.org\/wp-content\/uploads\/2024\/09\/christian-perron-ceim-sij.png&#8221; linkedin_url=&#8221;https:\/\/www.linkedin.com\/in\/perronchristian\/&#8221; icon_color=&#8221;#00597C&#8221; disabled_on=&#8221;off|off|on&#8221; _builder_version=&#8221;4.27.0&#8243; _module_preset=&#8221;default&#8221; header_font_size=&#8221;19px&#8221; position_text_color=&#8221;#D10A11&#8243; position_font_size=&#8221;17px&#8221; global_colors_info=&#8221;{}&#8221;][\/et_pb_team_member][et_pb_blurb title=&#8221;(514) 866-0575, ext. 208&#8243; url=&#8221;tel:15148660575%20&#8243; url_new_window=&#8221;on&#8221; use_icon=&#8221;on&#8221; font_icon=&#8221;&#xf879;||fa||900&#8243; icon_color=&#8221;#D10A11&#8243; icon_placement=&#8221;left&#8221; image_icon_width=&#8221;20px&#8221; content_max_width=&#8221;100%&#8221; disabled_on=&#8221;off|off|on&#8221; _builder_version=&#8221;4.27.0&#8243; _module_preset=&#8221;default&#8221; header_font_size=&#8221;16px&#8221; header_line_height=&#8221;1.3em&#8221; image_icon_custom_margin=&#8221;|0px|||false|false&#8221; image_icon_custom_padding=&#8221;|0px|||false|false&#8221; custom_margin=&#8221;||2px||false|false&#8221; custom_padding=&#8221;||0px||false|false&#8221; global_colors_info=&#8221;{}&#8221; header_text_color__hover_enabled=&#8221;on|hover&#8221; header_text_color__hover=&#8221;#00597C&#8221;][\/et_pb_blurb][et_pb_blurb title=&#8221;cperron@ceim.org &#8221; url=&#8221;mailto:cperron@ceim.org&#8221; url_new_window=&#8221;on&#8221; use_icon=&#8221;on&#8221; font_icon=&#8221;&#xe076;||divi||400&#8243; icon_color=&#8221;#D10A11&#8243; icon_placement=&#8221;left&#8221; image_icon_width=&#8221;20px&#8221; content_max_width=&#8221;100%&#8221; disabled_on=&#8221;off|off|on&#8221; _builder_version=&#8221;4.27.0&#8243; _module_preset=&#8221;default&#8221; header_font_size=&#8221;16px&#8221; header_line_height=&#8221;1.3em&#8221; image_icon_custom_margin=&#8221;|0px|||false|false&#8221; image_icon_custom_padding=&#8221;|0px|||false|false&#8221; custom_margin=&#8221;||2px||false|false&#8221; custom_padding=&#8221;||0px||false|false&#8221; global_colors_info=&#8221;{}&#8221; header_text_color__hover=&#8221;#00597C&#8221; header_text_color__hover_enabled=&#8221;on|hover&#8221;][\/et_pb_blurb][et_pb_text _builder_version=&#8221;4.27.0&#8243; _module_preset=&#8221;default&#8221; header_4_line_height=&#8221;1.4em&#8221; custom_margin=&#8221;0px|0px|0px|0px|false|false&#8221; custom_padding=&#8221;15px|25px|15px|25px|true|true&#8221; border_color_all=&#8221;RGBA(255,255,255,0)&#8221; box_shadow_style=&#8221;preset3&#8243; global_colors_info=&#8221;{}&#8221;]<\/p>\n<h4>Christian Perron has been working on Montreal\u2019s economic development for over twenty years. He has developed knowledge in the new economy, business models as well as the opportunities generated by the emergence of new technologies.<\/h4>\n<h4>Notably, he has been involved in the financing of numerous technology companies operating in the gaming, special effects and AI sectors.<\/h4>\n<h4>He successfully led Soci\u00e9t\u00e9 de d\u00e9veloppement \u00e9conomique Ville-Marie from 2004 to 2014 and PME MTL Centre-Ville from 2015 to 2021.<\/h4>\n<h4>Recently, he played a key role in managing federal, provincial, and municipal emergency funds to counter the effects of COVID-19 on businesses located in downtown Montreal.<\/h4>\n<h4>Prior to that, Christian Perron worked as a consultant in finance and commercialization.<\/h4>\n<h4>In addition, Christian has served for two and a half years in the federal government as a special advisor to the Minist\u00e8re des Finances, Conseil du Tr\u00e9sor and Minist\u00e8re de l\u2019Industrie.<\/h4>\n<h4>He began his career in commercial credit at the Royal Bank of Canada.<\/h4>\n<h4>Christian Perron has a Bachelor of Science degree (B.Sc.) in Political Science from the University of Montreal and holds a Master\u2019s degree (M.Sc.) in Management Sciences from the University of Quebec.<\/h4>\n<h4><\/h4>\n<h4><a style=\"text-decoration: none; color: #0073e6;\" href=\"https:\/\/www.ceim.org\/en\/our-team\/\"> <span style=\"color: #d10a11;\">\u2190 Back to the Team page<\/span><\/a><\/h4>\n<h4 style=\"text-align: left;\"><\/h4>\n<p><a style=\"text-decoration: none; color: #0073e6;\"> <\/a>[\/et_pb_text][et_pb_divider show_divider=&#8221;off&#8221; _builder_version=&#8221;4.27.0&#8243; _module_preset=&#8221;default&#8221; global_colors_info=&#8221;{}&#8221;][\/et_pb_divider][\/et_pb_column][et_pb_column type=&#8221;1_3&#8243; _builder_version=&#8221;4.27.0&#8243; _module_preset=&#8221;default&#8221; global_colors_info=&#8221;{}&#8221;][et_pb_team_member name=&#8221;Christian Perron&#8221; position=&#8221;President &#038; COO&#8221; image_url=&#8221;https:\/\/www.ceim.org\/wp-content\/uploads\/2024\/09\/christian-perron-ceim-sij.png&#8221; linkedin_url=&#8221;https:\/\/www.linkedin.com\/in\/perronchristian\/&#8221; icon_color=&#8221;#00597C&#8221; disabled_on=&#8221;on|on|off&#8221; _builder_version=&#8221;4.27.0&#8243; _module_preset=&#8221;default&#8221; header_font_size=&#8221;19px&#8221; position_text_color=&#8221;#D10A11&#8243; position_font_size=&#8221;17px&#8221; global_colors_info=&#8221;{}&#8221;][\/et_pb_team_member][et_pb_blurb title=&#8221;(514) 866-0575, ext. 208&#8243; url=&#8221;tel:15148660575%20&#8243; url_new_window=&#8221;on&#8221; use_icon=&#8221;on&#8221; font_icon=&#8221;&#xf879;||fa||900&#8243; icon_color=&#8221;#D10A11&#8243; icon_placement=&#8221;left&#8221; image_icon_width=&#8221;20px&#8221; content_max_width=&#8221;100%&#8221; disabled_on=&#8221;on|on|off&#8221; _builder_version=&#8221;4.27.0&#8243; _module_preset=&#8221;default&#8221; header_font_size=&#8221;16px&#8221; header_line_height=&#8221;1.3em&#8221; image_icon_custom_margin=&#8221;|0px|||false|false&#8221; image_icon_custom_padding=&#8221;|0px|||false|false&#8221; custom_margin=&#8221;||2px||false|false&#8221; custom_padding=&#8221;||0px||false|false&#8221; global_colors_info=&#8221;{}&#8221; header_text_color__hover_enabled=&#8221;on|hover&#8221; header_text_color__hover=&#8221;#00597C&#8221;][\/et_pb_blurb][et_pb_blurb title=&#8221;cperron@ceim.org &#8221; url=&#8221;mailto:cperron@ceim.org&#8221; url_new_window=&#8221;on&#8221; use_icon=&#8221;on&#8221; font_icon=&#8221;&#xe076;||divi||400&#8243; icon_color=&#8221;#D10A11&#8243; icon_placement=&#8221;left&#8221; image_icon_width=&#8221;20px&#8221; content_max_width=&#8221;100%&#8221; disabled_on=&#8221;on|on|off&#8221; _builder_version=&#8221;4.27.0&#8243; _module_preset=&#8221;default&#8221; header_font_size=&#8221;16px&#8221; header_line_height=&#8221;1.3em&#8221; image_icon_custom_margin=&#8221;|0px|||false|false&#8221; image_icon_custom_padding=&#8221;|0px|||false|false&#8221; custom_margin=&#8221;||2px||false|false&#8221; custom_padding=&#8221;||0px||false|false&#8221; global_colors_info=&#8221;{}&#8221; header_text_color__hover=&#8221;#00597C&#8221; header_text_color__hover_enabled=&#8221;on|hover&#8221;][\/et_pb_blurb][\/et_pb_column][\/et_pb_row][\/et_pb_section]<\/p>\n","protected":false},"excerpt":{"rendered":"<p>Christian Perron, M. Sc. Management Christian Perron has been working on Montreal\u2019s economic development for over twenty years. He has developed knowledge in the new economy, business models as well [&hellip;]<\/p>\n","protected":false},"author":1,"featured_media":0,"parent":0,"menu_order":0,"comment_status":"closed","ping_status":"closed","template":"","meta":{"_et_pb_use_builder":"on","_et_pb_old_content":"","_et_gb_content_width":"","_price":"","_stock":"","_tribe_ticket_header":"","_tribe_default_ticket_provider":"","_ticket_start_date":"","_ticket_end_date":"","_tribe_ticket_show_description":"","_tribe_ticket_show_not_going":false,"_tribe_ticket_use_global_stock":"","_tribe_ticket_global_stock_level":"","_global_stock_mode":"","_global_stock_cap":"","_tribe_rsvp_for_event":"","_tribe_ticket_going_count":"","_tribe_ticket_not_going_count":"","_tribe_tickets_list":"[]","_tribe_ticket_has_attendee_info_fields":false,"footnotes":"","_tec_slr_enabled":"","_tec_slr_layout":""},"class_list":["post-8482","page","type-page","status-publish","hentry"],"ticketed":false,"_links":{"self":[{"href":"https:\/\/www.ceim.org\/en\/wp-json\/wp\/v2\/pages\/8482","targetHints":{"allow":["GET"]}}],"collection":[{"href":"https:\/\/www.ceim.org\/en\/wp-json\/wp\/v2\/pages"}],"about":[{"href":"https:\/\/www.ceim.org\/en\/wp-json\/wp\/v2\/types\/page"}],"author":[{"embeddable":true,"href":"https:\/\/www.ceim.org\/en\/wp-json\/wp\/v2\/users\/1"}],"replies":[{"embeddable":true,"href":"https:\/\/www.ceim.org\/en\/wp-json\/wp\/v2\/comments?post=8482"}],"version-history":[{"count":4,"href":"https:\/\/www.ceim.org\/en\/wp-json\/wp\/v2\/pages\/8482\/revisions"}],"predecessor-version":[{"id":9401,"href":"https:\/\/www.ceim.org\/en\/wp-json\/wp\/v2\/pages\/8482\/revisions\/9401"}],"wp:attachment":[{"href":"https:\/\/www.ceim.org\/en\/wp-json\/wp\/v2\/media?parent=8482"}],"curies":[{"name":"wp","href":"https:\/\/api.w.org\/{rel}","templated":true}]}}